{"id":294,"date":"2022-04-13T11:24:50","date_gmt":"2022-04-13T11:24:50","guid":{"rendered":"https:\/\/new.tiendapirotecnia.com\/?page_id=294"},"modified":"2022-04-20T09:25:55","modified_gmt":"2022-04-20T09:25:55","slug":"294-2","status":"publish","type":"page","link":"https:\/\/new.tiendapirotecnia.com\/","title":{"rendered":"Inicio"},"content":{"rendered":"<p>[et_pb_section fb_built=\u00bb1&#8243; _builder_version=\u00bb4.16.1&#8243; _module_preset=\u00bbdefault\u00bb global_colors_info=\u00bb{}\u00bb][et_pb_row column_structure=\u00bb1_2,1_2&#8243; _builder_version=\u00bb4.16.1&#8243; _module_preset=\u00bbdefault\u00bb global_colors_info=\u00bb{}\u00bb][et_pb_column type=\u00bb1_2&#8243; _builder_version=\u00bb4.16.1&#8243; _module_preset=\u00bbdefault\u00bb global_colors_info=\u00bb{}\u00bb][et_pb_text _builder_version=\u00bb4.16.1&#8243; _module_preset=\u00bbdefault\u00bb global_colors_info=\u00bb{}\u00bb]<\/p>\n<p>BIENVENIDOS A NUESTRA TIENDA VIRTUAL.<\/p>\n<p>En la Tienda de Pirotecnia El Gato podr\u00e1n comprar los productos pirot\u00e9cnicos mostrados en este portal como petardos, antorchas, bengalas, bombetas, castillos, carcasas, borrachos, fuentes, truenos, traca valenciana, supernipones, camelias, etc, que le permitir\u00e1n a nivel particular, disponer y disfrutar de forma f\u00e1cil y sencilla, de los art\u00edculos deseados.<\/p>\n<p>Confiando sean de su agrado, saludos de<\/p>\n<p>Pirotecnia El Gato, SL<\/p>\n<p><em><strong>Pedido m\u00ednimo 30\u20ac<\/strong><\/em><\/p>\n<p><strong><u>Prohibida la venta a menores de 18 a\u00f1os<\/u><\/strong><\/p>\n<p>[\/et_pb_text][\/et_pb_column][et_pb_column type=\u00bb1_2&#8243; _builder_version=\u00bb4.16.1&#8243; _module_preset=\u00bbdefault\u00bb global_colors_info=\u00bb{}\u00bb][et_pb_video src=\u00bbhttp:\/\/www.youtube.com\/watch?v=wY90Za9o0Go\u00bb _builder_version=\u00bb4.16.1&#8243; _module_preset=\u00bbdefault\u00bb global_colors_info=\u00bb{}\u00bb][\/et_pb_video][\/et_pb_column][\/et_pb_row][et_pb_row _builder_version=\u00bb4.16.1&#8243; _module_preset=\u00bbdefault\u00bb global_colors_info=\u00bb{}\u00bb][et_pb_column type=\u00bb4_4&#8243; _builder_version=\u00bb4.16.1&#8243; _module_preset=\u00bbdefault\u00bb global_colors_info=\u00bb{}\u00bb][et_pb_text _builder_version=\u00bb4.16.1&#8243; _module_preset=\u00bbdefault\u00bb text_font=\u00bb||||||||\u00bb text_orientation=\u00bbcenter\u00bb hover_enabled=\u00bb0&#8243; sticky_enabled=\u00bb0&#8243;]<\/p>\n<h2>Productos<\/h2>\n<p>[\/et_pb_text][et_pb_shop type=\u00bbproduct_category\u00bb posts_number=\u00bb4&#8243; columns_number=\u00bb4&#8243; _builder_version=\u00bb4.16.1&#8243; _module_preset=\u00bbdefault\u00bb hover_enabled=\u00bb0&#8243; global_colors_info=\u00bb{}\u00bb sticky_enabled=\u00bb0&#8243;][\/et_pb_shop][\/et_pb_column][\/et_pb_row][\/et_pb_section]<\/p>\n","protected":false},"excerpt":{"rendered":"<p>BIENVENIDOS A NUESTRA TIENDA VIRTUAL. En la Tienda de Pirotecnia El Gato podr\u00e1n comprar los productos pirot\u00e9cnicos mostrados en este portal como petardos, antorchas, bengalas, bombetas, castillos, carcasas, borrachos, fuentes, truenos, traca valenciana, supernipones, camelias, etc, que le permitir\u00e1n a nivel particular, disponer y disfrutar de forma f\u00e1cil y sencilla, de los art\u00edculos deseados. Confiando [&hellip;]<\/p>\n","protected":false},"author":1,"featured_media":0,"parent":0,"menu_order":0,"comment_status":"closed","ping_status":"closed","template":"","meta":{"_et_pb_use_builder":"on","_et_pb_old_content":"","_et_gb_content_width":"","footnotes":""},"class_list":["post-294","page","type-page","status-publish","hentry"],"_links":{"self":[{"href":"https:\/\/new.tiendapirotecnia.com\/index.php\/wp-json\/wp\/v2\/pages\/294","targetHints":{"allow":["GET"]}}],"collection":[{"href":"https:\/\/new.tiendapirotecnia.com\/index.php\/wp-json\/wp\/v2\/pages"}],"about":[{"href":"https:\/\/new.tiendapirotecnia.com\/index.php\/wp-json\/wp\/v2\/types\/page"}],"author":[{"embeddable":true,"href":"https:\/\/new.tiendapirotecnia.com\/index.php\/wp-json\/wp\/v2\/users\/1"}],"replies":[{"embeddable":true,"href":"https:\/\/new.tiendapirotecnia.com\/index.php\/wp-json\/wp\/v2\/comments?post=294"}],"version-history":[{"count":10,"href":"https:\/\/new.tiendapirotecnia.com\/index.php\/wp-json\/wp\/v2\/pages\/294\/revisions"}],"predecessor-version":[{"id":2079,"href":"https:\/\/new.tiendapirotecnia.com\/index.php\/wp-json\/wp\/v2\/pages\/294\/revisions\/2079"}],"wp:attachment":[{"href":"https:\/\/new.tiendapirotecnia.com\/index.php\/wp-json\/wp\/v2\/media?parent=294"}],"curies":[{"name":"wp","href":"https:\/\/api.w.org\/{rel}","templated":true}]}}