{"id":316,"date":"2022-04-13T12:02:44","date_gmt":"2022-04-13T12:02:44","guid":{"rendered":"https:\/\/new.tiendapirotecnia.com\/?page_id=316"},"modified":"2022-04-19T08:30:43","modified_gmt":"2022-04-19T08:30:43","slug":"condiciones-de-uso","status":"publish","type":"page","link":"https:\/\/new.tiendapirotecnia.com\/index.php\/condiciones-de-uso\/","title":{"rendered":"Condiciones de uso"},"content":{"rendered":"<p>[et_pb_section fb_built=\u00bb1&#8243; _builder_version=\u00bb4.16.1&#8243; _module_preset=\u00bbdefault\u00bb global_colors_info=\u00bb{}\u00bb][et_pb_row _builder_version=\u00bb4.16.1&#8243; _module_preset=\u00bbdefault\u00bb global_colors_info=\u00bb{}\u00bb][et_pb_column type=\u00bb4_4&#8243; _builder_version=\u00bb4.16.1&#8243; _module_preset=\u00bbdefault\u00bb global_colors_info=\u00bb{}\u00bb][et_pb_text _builder_version=\u00bb4.16.1&#8243; _module_preset=\u00bbdefault\u00bb hover_enabled=\u00bb0&#8243; sticky_enabled=\u00bb0&#8243;]<\/p>\n<p><strong><u>Objeto<\/u><\/strong><\/p>\n<p>Las presentes Condiciones Generales tienen por objeto regular las condiciones de uso y utilizaci\u00f3n de nuestra tienda online y de la que es titular la empresa<span>\u00a0<\/span><strong>Pirotecnia El Gato, S.L<\/strong>., con domicilio social en Partida de la Florida, s\/n; 46025, Valencia; mail:<span>\u00a0<\/span><strong><a href=\"mailto:tienda@tiendapirotecnia.com\">tienda@tiendapirotecnia.com<\/a><\/strong>. La mencionada tienda online ha sido elaborada, creada y dise\u00f1ada por Grupo COD, para dar a conocer y permitir el acceso a la informaci\u00f3n en ella contenida, con las restricciones y limitaciones que imponen las presentes Condiciones Generales as\u00ed como permitir y posibilitar el acceso a otras paginas con las que muestra tienda online tenga relaciones comerciales, profesionales o de cualquier otra \u00edndole. La mera utilizaci\u00f3n de nuestra tienda online, atribuye a qui\u00e9n haga uso de ella, la condici\u00f3n de Usuario ( en adelante \u00abUsuario\u00bb), qui\u00e9n declara conocer y aceptar sin reserva ni excepci\u00f3n alguna, todas y cada una de las Condiciones Generales que en este documento se exponen. A trav\u00e9s de la tienda online de Pirotecnia El Gato, S.L. se facilitar\u00e1 a todos los Usuarios Registrados, la posibilidad de acceder a los contenidos, servicios y dem\u00e1s informaci\u00f3n concerniente al objeto social de la presente entidad. Las presentes condiciones generales constituyen \u00edntegramente lo convenido entre las partes en lo referente a las transacciones online de compraventa entre Pirotecnia El Gato, S.L. y sus clientes. Pirotecnia El Gato, S.L. est\u00e1 facultada para modificar unilateralmente todas y cada una de las obligaciones dispuestas en las presentes Condiciones Generales, sin necesidad de previo aviso. Igualmente est\u00e1 capacitada para reestructurar, modificar o eliminar cualquier informaci\u00f3n, servicio o contenido incluido en su web, sin necesidad de previo aviso. La modificaci\u00f3n de cualquiera de las presentes condiciones generales para un caso particular s\u00f3lo tendr\u00e1 validez cuando haya sido recogida por escrito y firmada por los representantes legales de cada parte.<\/p>\n<p>[\/et_pb_text][et_pb_text _builder_version=\u00bb4.16.1&#8243; _module_preset=\u00bbdefault\u00bb global_colors_info=\u00bb{}\u00bb]<\/p>\n<p style=\"text-align: justify;\"><strong><u>Condiciones de Acceso y Uso<\/u><\/strong><\/p>\n<p style=\"text-align: justify;\">A trav\u00e9s de la web de Pirotecnia El Gato, S.L. cualquier usuario podr\u00e1 acceder gratuitamente a la informaci\u00f3n contenida en la citada p\u00e1gina web. Las condiciones de acceso a la web est\u00e1n supeditadas a las disposiciones legales vigentes en cada momento as\u00ed como a los principios de buena fe y uso licito por parte del Usuario, prohibi\u00e9ndose expresa y taxativamente cualquier tipo de actuaci\u00f3n que pudiera ir en detrimento o perjuicio de nuestra tienda online o de terceros. La web no exige la previa suscripci\u00f3n para la simple navegaci\u00f3n, acceso o utilizaci\u00f3n del servicio en cuesti\u00f3n. Por el contrario, para el acceso a determinados contenidos y servicios, se exigir\u00e1 la previa suscripci\u00f3n y su correspondiente registro como Usuario (de ahora en adelante Usuario Registrado). En lo que al tratamiento de datos personales se refiera, v\u00e9ase la Pol\u00edtica de Confidencialidad de Pirotecnia El Gato, S.L..<\/p>\n<p>[\/et_pb_text][et_pb_text _builder_version=\u00bb4.16.1&#8243; _module_preset=\u00bbdefault\u00bb global_colors_info=\u00bb{}\u00bb]<\/p>\n<p><strong><u>Uso y Custodia<\/u><\/strong><\/p>\n<p>El Usuario se compromete a hacer un uso licito y diligente de las Claves de Acceso, as\u00ed como a no poner a disposici\u00f3n de terceros sus Claves de Acceso. El Usuario se compromete a comunicar fehacientemente a Pirotecnia El Gato, S.L. a la mayor brevedad, la p\u00e9rdida o robo de las Claves de Acceso as\u00ed como cualquier riesgo de acceso a las mismas por un tercero. Las Claves de Acceso solamente podr\u00e1n ser utilizadas por los Usuarios a las que se les haya asignado. Pirotecnia El Gato, S.L. queda exonerada de cualquier tipo de responsabilidad que se pueda devengar por los da\u00f1os y perjuicios causados o sufridos por el uso fraudulento o falta de diligencia en la guarda y custodia de las Claves de Acceso, perdida o uso contraviniendo lo dispuesto en estas Condiciones Generales.<\/p>\n<p>[\/et_pb_text][et_pb_text _builder_version=\u00bb4.16.1&#8243; _module_preset=\u00bbdefault\u00bb hover_enabled=\u00bb0&#8243; sticky_enabled=\u00bb0&#8243;]<\/p>\n<p><strong><u>Registro de Usuario<\/u><\/strong><\/p>\n<p>De conformidad con lo dispuesto anteriormente, Pirotecnia El Gato, S.L. se reserva algunos de los Servicios ofrecidos a trav\u00e9s de nuestra tienda online a los Usuarios Registrados de Pirotecnia El Gato, S.L. mediante la cumplimentaci\u00f3n del correspondiente formulario de registro de Usuarios de Pirotecnia El Gato, S.L. que estar\u00e1 a disposici\u00f3n de los Usuarios que lo deseasen. El Usuario se compromete a seleccionar, usar y conservar su nombre de usuario o \u00ablogin\u00bb y su contrase\u00f1a o \u00abpassword\u00bb (en adelante y de modo conjunto las \u00abClaves de Acceso\u00bb) de conformidad con lo establecido en las cl\u00e1usulas siguientes.<\/p>\n<p>[\/et_pb_text][et_pb_text _builder_version=\u00bb4.16.1&#8243; _module_preset=\u00bbdefault\u00bb]<\/p>\n<p><strong><u>Asignaci\u00f3n de las Claves de Acceso<\/u><\/strong><\/p>\n<p>El Usuario tendr\u00e1 la opci\u00f3n de elegir e indicar sus propias Claves de Acceso. El Usuario no podr\u00e1 elegir como Nombre de Usuario palabras, expresiones o conjuntos gr\u00e1fico-denominativos malsonantes, injuriosos, coincidentes con marcas, nombres comerciales, r\u00f3tulos de establecimientos, denominaciones sociales, expresiones publicitarias, nombres y seud\u00f3nimos de personajes de relevancia p\u00fablica o famosos para cuya utilizaci\u00f3n no est\u00e9 autorizado y, en general, contrarios a la ley, moral y orden publico. Viveros El Jard\u00edn se reserva el derecho a eliminar o suspender cualquier nombre de usuario que re\u00fana alguna de las caracter\u00edsticas anteriormente mencionadas. La asignaci\u00f3n de las Claves de Acceso se produce de manera autom\u00e1tica, siendo el \u00fanico criterio empleado al efecto, la inexistencia de unas Claves de Acceso previas que fueren id\u00e9nticas a las seleccionadas por el Usuario. En defecto de elecci\u00f3n por parte del Usuario, las Claves de Acceso ser\u00e1n asignadas autom\u00e1ticamente por Pirotecnia El Gato, S.L.. En tal caso, el Usuario podr\u00e1 en cualquier momento cambiarlas por cualesquiera otras, siempre de conformidad con lo previsto en los p\u00e1rrafos anteriores y posteriores.<\/p>\n<p>[\/et_pb_text][et_pb_text _builder_version=\u00bb4.16.1&#8243; _module_preset=\u00bbdefault\u00bb hover_enabled=\u00bb0&#8243; sticky_enabled=\u00bb0&#8243;]<\/p>\n<p><strong><u>Contenido y Actuaciones del Usuario<\/u><\/strong><\/p>\n<p>El Usuario se compromete a hacer un uso licito, diligente, honrado y correcto de cuanta informaci\u00f3n o contenido tenga acceso bien a trav\u00e9s de la pagina web de Pirotecnia El Gato, S.L. o de terceros previamente proporcionada por Pirotecnia El Gato, S.L. y todo ello bajo los principios de la buena fe y con respeto en todo momento a la legalidad vigente. El Usuario deber\u00e1 abstenerse de obtener, salvo para uso personal, cuanta informaci\u00f3n (enti\u00e9ndase por informaci\u00f3n como cualquier mensaje, archivos de sonido, fotograf\u00edas, dibujos, software y en general cualquier clase o tipo de archivo inform\u00e1tico, gr\u00e1fico etc..) que sea propiedad de nuestra tienda online. Igualmente el Usuario adquiere el compromiso de no provocar ni maliciosa ni intencionadamente da\u00f1os o perjuicios que puedan menoscabar, alterar la propia web as\u00ed como no introducir, ni difundir los denominados \u00abvirus inform\u00e1ticos\u00bb que puedan producir alteraciones no autorizadas de los contenidos o sistemas integrantes de nuestra tienda online. El compromiso adquirido se ha de regir sobre la utilizaci\u00f3n de contenidos de conformidad con lo dispuesto en la ley, moral y orden publico; no copiar, reproducir, distribuir, ceder, transformar o modificar los contenidos sin previo consentimiento y por escrito de Pirotecnia El Gato, S.L. o persona por este autorizada. A este respecto, Pirotecnia El Gato, S.L. se exonera de cualquier tipo de fallo o virus inform\u00e1tico introducido por terceros. Cumplir todos los requisitos dispuestos en relaci\u00f3n a los derechos de propiedad intelectual, industrial y dem\u00e1s an\u00e1logos.<\/p>\n<p>[\/et_pb_text][et_pb_text _builder_version=\u00bb4.16.1&#8243; _module_preset=\u00bbdefault\u00bb hover_enabled=\u00bb0&#8243; sticky_enabled=\u00bb0&#8243;]<\/p>\n<p><strong><u>Contenido de nuestra tienda online<\/u><\/strong><\/p>\n<p>La Base de Datos propiedad de Pirotecnia El Gato, S.L. contiene toda la informaci\u00f3n necesaria que el cliente pudiese necesitar as\u00ed como una actualizaci\u00f3n constante de los precios, descripci\u00f3n t\u00e9cnica completa etc.. La informaci\u00f3n proporcionada no deber\u00e1 ser considerada en ning\u00fan momento ni completa ni exhaustiva debido a la variada gama de productos y servicios existentes en el sector. Pirotecnia El Gato, S.L. por su parte tratar\u00e1 en la medida de sus posibilidades de actualizar constantemente los precios de los productos mediante una comunicaci\u00f3n constante con los proveedores y fabricantes. Pirotecnia El Gato, S.L. manifiesta que el producto ofrecido se suele corresponder con la fotograf\u00eda y descripci\u00f3n t\u00e9cnica del mismo. No obstante queda exonerada de responsabilidad para aquellos supuestos en los que por errores t\u00e9cnicos o humanos hubiese equivocaciones o variaciones entre la fotograf\u00eda, la descripci\u00f3n t\u00e9cnica y el precio. Igualmente se pone de manifiesto que las fotograf\u00edas tienen un mero car\u00e1cter orientativo pudiendo existir variaciones en lo que a su aspecto f\u00edsico respecta pero sin menoscabar la integridad y prestaciones del producto solicitado. Pirotecnia El Gato, S.L. se exonera de los contenidos, informaci\u00f3n, opiniones o comentarios difundidos a trav\u00e9s de su web ni responder\u00e1 del uso que el Usuario haga de esa informaci\u00f3n.<\/p>\n<p>Derechos y Obligaciones de Pirotecnia El Gato, S.L.<\/p>\n<p>Pirotecnia El Gato, S.L. responder\u00e1 \u00fanica y exclusivamente de los servicios que preste por ella misma y de los contenidos directamente originados por la propia web e identificado con su correspondiente copyright. Pirotecnia El Gato, S.L. se compromete a la adopci\u00f3n de los medios y medidas necesarias que permitan garantizar la seguridad y privacidad en la comunicaciones. No responder\u00e1 cuando adoptadas las pertinentes medidas de seguridad, estas fueren vulneradas por agentes externos. Pirotecnia El Gato, S.L. no ser\u00e1 responsable ni siquiera de forma indirecta o subsidiaria, por ning\u00fan contenido, informaci\u00f3n, opini\u00f3n o manifestaci\u00f3n de cualquier tipo, que tenga su origen en el Usuario o terceras personas o entidades y que tengan acceso, transmitan, comuniquen, traten, exhiban o vendan dicha informaci\u00f3n a la web titularidad de Pirotecnia El Gato, S.L. . Pirotecnia El Gato, S.L. se reserva el derecho a suspender temporalmente la prestaci\u00f3n del servicio sin previo aviso al Usuario, siempre y cuando sea necesario para efectuar operaciones de mantenimiento, actualizaci\u00f3n o mejora del servicio. Igualmente podr\u00e1 modificar las condiciones de acceso y\/o la concreta ubicaci\u00f3n del contenido integrante de nuestra tienda online, as\u00ed como impedir, restringir, bloquear, suprimir o retirar el acceso a los servicios a los Usuarios cuando estos no hicieren un uso licito, honrado y diligente de los servicios prestados en la web. En la misma l\u00ednea podr\u00e1 retirar, bloquear o restringir el uso de los contenidos introducidos por terceras personas que fueren il\u00edcitos, racistas, delictivos, de apolog\u00eda de terrorismo, violaci\u00f3n de derechos humanos, difamatorios, pornogr\u00e1ficos, constitutivos de estafa o de cualquier otro modo que infrinjan las leyes o normativas aplicables bien sean nacionales como internacionales. Pirotecnia El Gato, S.L. no asegura la disponibilidad y continuidad permanente de nuestra tienda online debido a interrupciones, fallos etc.. as\u00ed como tampoco responder\u00e1 de los da\u00f1os y perjuicios que pueda causar a los Usuarios por los virus inform\u00e1ticos o agentes externos que terceras personas puedan depositar en la web o en los documentos electr\u00f3nicos y ficheros almacenados en el sistema inform\u00e1tico. Pirotecnia El Gato, S.L. pone a disposici\u00f3n de los Usuarios ciertas herramientas tales como, botones, banners, links o enlaces que permitan al Usuario acceder a otros sites relacionados con el objeto social de nuestra tienda online u otros diferentes. La instalaci\u00f3n de estas herramientas tienen como fin \u00faltimo proporcionar y facilitar la navegaci\u00f3n al Usuario, no siendo responsable Pirotecnia El Gato, S.L. de los sites a los que acceda el Usuario a trav\u00e9s de su pagina, en lo que al Derecho al Honor pueda afectar. Por todo ello ser\u00e1 el Usuario qui\u00e9n bajo su propia responsabilidad acceder\u00e1 a trav\u00e9s de esos hiperv\u00ednculos. Por su parte Pirotecnia El Gato, S.L. tratar\u00e1 en la medida de sus posibilidades de comprobar dichos hiperv\u00ednculos, restringiendo, bloqueando o suspendiendo dichos botones cuando atentaren contra el principio descrito en las presentes Condiciones Generales.<\/p>\n<p>[\/et_pb_text][et_pb_text _builder_version=\u00bb4.16.1&#8243; _module_preset=\u00bbdefault\u00bb hover_enabled=\u00bb0&#8243; sticky_enabled=\u00bb0&#8243;]<\/p>\n<p><strong><u>Privacidad<\/u><\/strong><\/p>\n<p>Pirotecnia El Gato, S.L. plenamente concienciada del uso y tratamiento que se le deben dar a los datos de car\u00e1cter personal y en virtud de la normativa legal existente al respecto, tiene implantado un sistema para preservar la seguridad, integridad y confidencialidad de los datos considerados como personales. Para ello adem\u00e1s de cumplir \u00edntegramente todos y cada uno de los requisitos dispuestos en la Ley Org\u00e1nica 15\/1999, de 13 de Diciembre, de Protecci\u00f3n de Datos de Car\u00e1cter Personal, garantiza un uso no s\u00f3lo legal, sino leal de los datos personales as\u00ed como un sistema adecuado para ejercitar los derechos de acceso rectificaci\u00f3n, cancelaci\u00f3n y oposici\u00f3n dispuestos en la ya mencionada Ley Org\u00e1nica. La contrataci\u00f3n por parte de los Usuarios de los servicios prestados en esta tienda online, implicar\u00e1 el consentimiento expreso de este para el uso, tratamiento y cesi\u00f3n de datos a todas las entidades que directa e indirectamente tengan relaciones profesionales para la prestaci\u00f3n de dicho servicio. Pirotecnia El Gato, S.L. alojar\u00e1 todos los datos personales de sus Usuarios en un fichero automatizado cuya finalidad es la gesti\u00f3n, control, prevenci\u00f3n y mantenimiento del servicio a prestar. Dicho fichero, cumple con todos los requisitos y garant\u00edas dispuestas en la normativa sobre Protecci\u00f3n de Datos. Pirotecnia El Gato, S.L. recabar\u00e1 \u00fanica y exclusivamente los datos personales de los Usuarios, siendo estos en todo momento adecuados, pertinentes y no excesivos. Los Usuarios autorizan a Pirotecnia El Gato, S.L. a tratar automatizadamente sus datos personales inform\u00e1ndole as\u00ed mismo que puede dirigirse al Departamento de Registro de Pirotecnia El Gato, S.L. para ejercitar sus derechos de acceso, rectificaci\u00f3n, cancelaci\u00f3n y oposici\u00f3n en las direcciones que a tal efecto se se\u00f1alan.<\/p>\n<p>&nbsp;<\/p>\n<p>[\/et_pb_text][\/et_pb_column][\/et_pb_row][\/et_pb_section]<\/p>\n","protected":false},"excerpt":{"rendered":"<p>Objeto Las presentes Condiciones Generales tienen por objeto regular las condiciones de uso y utilizaci\u00f3n de nuestra tienda online y de la que es titular la empresa\u00a0Pirotecnia El Gato, S.L., con domicilio social en Partida de la Florida, s\/n; 46025, Valencia; mail:\u00a0tienda@tiendapirotecnia.com. La mencionada tienda online ha sido elaborada, creada y dise\u00f1ada por Grupo COD, [&hellip;]<\/p>\n","protected":false},"author":1,"featured_media":0,"parent":0,"menu_order":0,"comment_status":"closed","ping_status":"closed","template":"","meta":{"_et_pb_use_builder":"on","_et_pb_old_content":"","_et_gb_content_width":"","footnotes":""},"class_list":["post-316","page","type-page","status-publish","hentry"],"_links":{"self":[{"href":"https:\/\/new.tiendapirotecnia.com\/index.php\/wp-json\/wp\/v2\/pages\/316","targetHints":{"allow":["GET"]}}],"collection":[{"href":"https:\/\/new.tiendapirotecnia.com\/index.php\/wp-json\/wp\/v2\/pages"}],"about":[{"href":"https:\/\/new.tiendapirotecnia.com\/index.php\/wp-json\/wp\/v2\/types\/page"}],"author":[{"embeddable":true,"href":"https:\/\/new.tiendapirotecnia.com\/index.php\/wp-json\/wp\/v2\/users\/1"}],"replies":[{"embeddable":true,"href":"https:\/\/new.tiendapirotecnia.com\/index.php\/wp-json\/wp\/v2\/comments?post=316"}],"version-history":[{"count":3,"href":"https:\/\/new.tiendapirotecnia.com\/index.php\/wp-json\/wp\/v2\/pages\/316\/revisions"}],"predecessor-version":[{"id":321,"href":"https:\/\/new.tiendapirotecnia.com\/index.php\/wp-json\/wp\/v2\/pages\/316\/revisions\/321"}],"wp:attachment":[{"href":"https:\/\/new.tiendapirotecnia.com\/index.php\/wp-json\/wp\/v2\/media?parent=316"}],"curies":[{"name":"wp","href":"https:\/\/api.w.org\/{rel}","templated":true}]}}