{"id":41,"date":"2022-04-12T09:59:15","date_gmt":"2022-04-12T09:59:15","guid":{"rendered":"https:\/\/new.tiendapirotecnia.com\/?post_type=product&#038;p=41"},"modified":"2022-04-12T09:59:15","modified_gmt":"2022-04-12T09:59:15","slug":"huevos-de-dragon","status":"publish","type":"product","link":"https:\/\/new.tiendapirotecnia.com\/index.php\/producto\/huevos-de-dragon\/","title":{"rendered":"Huevos de Drag\u00f3n"},"content":{"rendered":"<p>Bolsa con 6 Huevos de Drag\u00f3n. Art\u00edculo que produce cracker. CLASE II.<\/p>\n","protected":false},"excerpt":{"rendered":"<p>Bolsa con 6 Huevos de Drag\u00f3n. Art\u00edculo que produce cracker. CLASE II.<\/p>\n","protected":false},"featured_media":42,"comment_status":"open","ping_status":"closed","template":"","meta":{"_et_pb_use_builder":"","_et_pb_old_content":"","_et_gb_content_width":""},"product_cat":[20],"product_tag":[],"class_list":{"0":"post-41","1":"product","2":"type-product","3":"status-publish","4":"has-post-thumbnail","6":"product_cat-articulos-varios","8":"first","9":"instock","10":"taxable","11":"shipping-taxable","12":"purchasable","13":"product-type-simple"},"_links":{"self":[{"href":"https:\/\/new.tiendapirotecnia.com\/index.php\/wp-json\/wp\/v2\/product\/41","targetHints":{"allow":["GET"]}}],"collection":[{"href":"https:\/\/new.tiendapirotecnia.com\/index.php\/wp-json\/wp\/v2\/product"}],"about":[{"href":"https:\/\/new.tiendapirotecnia.com\/index.php\/wp-json\/wp\/v2\/types\/product"}],"replies":[{"embeddable":true,"href":"https:\/\/new.tiendapirotecnia.com\/index.php\/wp-json\/wp\/v2\/comments?post=41"}],"wp:featuredmedia":[{"embeddable":true,"href":"https:\/\/new.tiendapirotecnia.com\/index.php\/wp-json\/wp\/v2\/media\/42"}],"wp:attachment":[{"href":"https:\/\/new.tiendapirotecnia.com\/index.php\/wp-json\/wp\/v2\/media?parent=41"}],"wp:term":[{"taxonomy":"product_cat","embeddable":true,"href":"https:\/\/new.tiendapirotecnia.com\/index.php\/wp-json\/wp\/v2\/product_cat?post=41"},{"taxonomy":"product_tag","embeddable":true,"href":"https:\/\/new.tiendapirotecnia.com\/index.php\/wp-json\/wp\/v2\/product_tag?post=41"}],"curies":[{"name":"wp","href":"https:\/\/api.w.org\/{rel}","templated":true}]}}