{"id":92,"date":"2022-04-12T10:51:01","date_gmt":"2022-04-12T10:51:01","guid":{"rendered":"https:\/\/new.tiendapirotecnia.com\/?post_type=product&#038;p=92"},"modified":"2022-04-12T10:51:02","modified_gmt":"2022-04-12T10:51:02","slug":"50-disp-nueva-generacion-1-20-mm","status":"publish","type":"product","link":"https:\/\/new.tiendapirotecnia.com\/index.php\/producto\/50-disp-nueva-generacion-1-20-mm\/","title":{"rendered":"50 Disp. Nueva generaci\u00f3n 1 (20 mm)"},"content":{"rendered":"<p>Bater\u00eda 50 Disp. Bater\u00eda con troncos y explosi\u00f3n de peonias de kamuro. CATEGOR\u00cdA 3.<\/p>\n","protected":false},"excerpt":{"rendered":"<p>Bater\u00eda 50 Disp. Bater\u00eda con troncos y explosi\u00f3n de peonias de kamuro. CATEGOR\u00cdA 3.<\/p>\n","protected":false},"featured_media":89,"comment_status":"open","ping_status":"closed","template":"","meta":{"_et_pb_use_builder":"","_et_pb_old_content":"","_et_gb_content_width":""},"product_cat":[25],"product_tag":[],"class_list":{"0":"post-92","1":"product","2":"type-product","3":"status-publish","4":"has-post-thumbnail","6":"product_cat-castillos-medianos","8":"first","9":"instock","10":"taxable","11":"shipping-taxable","12":"purchasable","13":"product-type-simple"},"_links":{"self":[{"href":"https:\/\/new.tiendapirotecnia.com\/index.php\/wp-json\/wp\/v2\/product\/92","targetHints":{"allow":["GET"]}}],"collection":[{"href":"https:\/\/new.tiendapirotecnia.com\/index.php\/wp-json\/wp\/v2\/product"}],"about":[{"href":"https:\/\/new.tiendapirotecnia.com\/index.php\/wp-json\/wp\/v2\/types\/product"}],"replies":[{"embeddable":true,"href":"https:\/\/new.tiendapirotecnia.com\/index.php\/wp-json\/wp\/v2\/comments?post=92"}],"wp:featuredmedia":[{"embeddable":true,"href":"https:\/\/new.tiendapirotecnia.com\/index.php\/wp-json\/wp\/v2\/media\/89"}],"wp:attachment":[{"href":"https:\/\/new.tiendapirotecnia.com\/index.php\/wp-json\/wp\/v2\/media?parent=92"}],"wp:term":[{"taxonomy":"product_cat","embeddable":true,"href":"https:\/\/new.tiendapirotecnia.com\/index.php\/wp-json\/wp\/v2\/product_cat?post=92"},{"taxonomy":"product_tag","embeddable":true,"href":"https:\/\/new.tiendapirotecnia.com\/index.php\/wp-json\/wp\/v2\/product_tag?post=92"}],"curies":[{"name":"wp","href":"https:\/\/api.w.org\/{rel}","templated":true}]}}